{"id":1640,"date":"2025-01-08T23:30:16","date_gmt":"2025-01-08T23:30:16","guid":{"rendered":"https:\/\/projeto.inovamentehub.com.br\/addireta\/?page_id=1640"},"modified":"2025-01-08T23:51:11","modified_gmt":"2025-01-08T23:51:11","slug":"especialidades","status":"publish","type":"page","link":"https:\/\/projeto.inovamentehub.com.br\/addireta\/especialidades\/","title":{"rendered":"Especialidades"},"content":{"rendered":"\t\t<div data-elementor-type=\"wp-page\" data-elementor-id=\"1640\" class=\"elementor elementor-1640\">\n\t\t\t\t<div class=\"elementor-element elementor-element-24c1dc3 e-flex e-con-boxed e-con e-parent\" data-id=\"24c1dc3\" data-element_type=\"container\" data-e-type=\"container\" data-settings=\"{&quot;background_background&quot;:&quot;classic&quot;}\">\n\t\t\t\t\t<div class=\"e-con-inner\">\n\t\t\t\t<div class=\"elementor-element elementor-element-b4b68e0 elementor-widget elementor-widget-heading\" data-id=\"b4b68e0\" data-element_type=\"widget\" data-e-type=\"widget\" data-widget_type=\"heading.default\">\n\t\t\t\t<div class=\"elementor-widget-container\">\n\t\t\t\t\t<h2 class=\"elementor-heading-title elementor-size-default\">Minhas Especialidades em Neurologia<\/h2>\t\t\t\t<\/div>\n\t\t\t\t<\/div>\n\t\t\t\t<div class=\"elementor-element elementor-element-8f67ced elementor-align-center elementor-icon-list--layout-traditional elementor-list-item-link-full_width elementor-widget elementor-widget-icon-list\" data-id=\"8f67ced\" data-element_type=\"widget\" data-e-type=\"widget\" data-widget_type=\"icon-list.default\">\n\t\t\t\t<div class=\"elementor-widget-container\">\n\t\t\t\t\t\t\t<ul class=\"elementor-icon-list-items\">\n\t\t\t\t\t\t\t<li class=\"elementor-icon-list-item\">\n\t\t\t\t\t\t\t\t\t\t\t<span class=\"elementor-icon-list-icon\">\n\t\t\t\t\t\t\t<i aria-hidden=\"true\" class=\"far fa-star-half\"><\/i>\t\t\t\t\t\t<\/span>\n\t\t\t\t\t\t\t\t\t\t<span class=\"elementor-icon-list-text\">Alcance seus objetivos de forma saud\u00e1vel e sustent\u00e1vel<\/span>\n\t\t\t\t\t\t\t\t\t<\/li>\n\t\t\t\t\t\t<\/ul>\n\t\t\t\t\t\t<\/div>\n\t\t\t\t<\/div>\n\t\t\t\t\t<\/div>\n\t\t\t\t<\/div>\n\t\t<div class=\"elementor-element elementor-element-528e7d3 e-flex e-con-boxed e-con e-parent\" data-id=\"528e7d3\" data-element_type=\"container\" data-e-type=\"container\" data-settings=\"{&quot;background_background&quot;:&quot;classic&quot;}\">\n\t\t\t\t\t<div class=\"e-con-inner\">\n\t\t\t\t<div class=\"elementor-element elementor-element-8c334d6 elementor-grid-3 elementor-grid-tablet-2 elementor-grid-mobile-1 elementor-posts--thumbnail-top elementor-card-shadow-yes elementor-posts__hover-gradient elementor-widget elementor-widget-posts\" data-id=\"8c334d6\" data-element_type=\"widget\" data-e-type=\"widget\" data-settings=\"{&quot;cards_row_gap&quot;:{&quot;unit&quot;:&quot;px&quot;,&quot;size&quot;:22,&quot;sizes&quot;:[]},&quot;cards_columns&quot;:&quot;3&quot;,&quot;cards_columns_tablet&quot;:&quot;2&quot;,&quot;cards_columns_mobile&quot;:&quot;1&quot;,&quot;cards_row_gap_tablet&quot;:{&quot;unit&quot;:&quot;px&quot;,&quot;size&quot;:&quot;&quot;,&quot;sizes&quot;:[]},&quot;cards_row_gap_mobile&quot;:{&quot;unit&quot;:&quot;px&quot;,&quot;size&quot;:&quot;&quot;,&quot;sizes&quot;:[]}}\" data-widget_type=\"posts.cards\">\n\t\t\t\t<div class=\"elementor-widget-container\">\n\t\t\t\t\t\t\t<div class=\"elementor-posts-container elementor-posts elementor-posts--skin-cards elementor-grid\">\n\t\t\t\t<article class=\"elementor-post elementor-grid-item post-2793 post type-post status-publish format-standard has-post-thumbnail hentry category-direito-administrativo category-dispensa category-gestao-publica category-guias-praticos tag-contratacao-direta tag-dispensa-de-licitacao tag-licitacoes-e-contratos tag-o-que-e-licitacao tag-vantagens-da-dispensa-de-licitacao-para-quem-esta-comecando\">\n\t\t\t<div class=\"elementor-post__card\">\n\t\t\t\t<a class=\"elementor-post__thumbnail__link\" href=\"https:\/\/projeto.inovamentehub.com.br\/addireta\/por-que-microempreendedores-e-pequenas-empresas-devem-comecar-pela-dispensa-de-licitacao\/\" ><div class=\"elementor-post__thumbnail\"><img fetchpriority=\"high\" decoding=\"async\" width=\"1920\" height=\"1080\" src=\"https:\/\/projeto.inovamentehub.com.br\/addireta\/wp-content\/uploads\/2025\/01\/Addireta-Banners-Site-2.png\" class=\"attachment-full size-full wp-image-2799\" alt=\"\" srcset=\"https:\/\/projeto.inovamentehub.com.br\/addireta\/wp-content\/uploads\/2025\/01\/Addireta-Banners-Site-2.png 1920w, https:\/\/projeto.inovamentehub.com.br\/addireta\/wp-content\/uploads\/2025\/01\/Addireta-Banners-Site-2-300x169.png 300w, https:\/\/projeto.inovamentehub.com.br\/addireta\/wp-content\/uploads\/2025\/01\/Addireta-Banners-Site-2-1024x576.png 1024w, https:\/\/projeto.inovamentehub.com.br\/addireta\/wp-content\/uploads\/2025\/01\/Addireta-Banners-Site-2-768x432.png 768w, https:\/\/projeto.inovamentehub.com.br\/addireta\/wp-content\/uploads\/2025\/01\/Addireta-Banners-Site-2-1536x864.png 1536w\" sizes=\"(max-width: 1920px) 100vw, 1920px\" \/><\/div><\/a>\n\t\t\t\t<div class=\"elementor-post__badge\">Direito Administrativo<\/div>\n\t\t\t\t<div class=\"elementor-post__text\">\n\t\t\t\t<h3 class=\"elementor-post__title\">\n\t\t\t<a href=\"https:\/\/projeto.inovamentehub.com.br\/addireta\/por-que-microempreendedores-e-pequenas-empresas-devem-comecar-pela-dispensa-de-licitacao\/\" >\n\t\t\t\tPor Que Microempreendedores e Pequenas Empresas Devem Come\u00e7ar Pela Dispensa de Licita\u00e7\u00e3o?\t\t\t<\/a>\n\t\t<\/h3>\n\t\t\t\t<div class=\"elementor-post__excerpt\">\n\t\t\t<p>existe um caminho mais acess\u00edvel e estrat\u00e9gico para quem est\u00e1 come\u00e7ando: a dispensa de licita\u00e7\u00e3o. Neste artigo, vamos explorar por que essa \u00e9 a melhor porta de entrada e como a Addireta pode transformar sua experi\u00eancia.<\/p>\n\t\t<\/div>\n\t\t\t\t\t<div class=\"elementor-post__read-more-wrapper\">\n\t\t\n\t\t<a class=\"elementor-post__read-more\" href=\"https:\/\/projeto.inovamentehub.com.br\/addireta\/por-que-microempreendedores-e-pequenas-empresas-devem-comecar-pela-dispensa-de-licitacao\/\" aria-label=\"Read more about Por Que Microempreendedores e Pequenas Empresas Devem Come\u00e7ar Pela Dispensa de Licita\u00e7\u00e3o?\" >\n\t\t\tLeia Mais\t\t<\/a>\n\n\t\t\t\t\t<\/div>\n\t\t\t\t<\/div>\n\t\t\t\t\t<\/div>\n\t\t<\/article>\n\t\t\t\t<article class=\"elementor-post elementor-grid-item post-2791 post type-post status-publish format-standard has-post-thumbnail hentry category-direito-administrativo category-dispensa category-gestao-publica category-guias-praticos category-licitacoes tag-direrencas-entre-licitacao-convencional-e-dispensa-de-licitacao tag-guia-do-iniciante-em-licitacoes tag-licitacoes-e-contratos tag-vantagens-da-dispensa-de-licitacao-para-quem-esta-comecando\">\n\t\t\t<div class=\"elementor-post__card\">\n\t\t\t\t<a class=\"elementor-post__thumbnail__link\" href=\"https:\/\/projeto.inovamentehub.com.br\/addireta\/diferencas-e-beneficios-entre-licitacoes-convencionais-e-dispensa-de-licitacao\/\" ><div class=\"elementor-post__thumbnail\"><img decoding=\"async\" width=\"740\" height=\"493\" src=\"https:\/\/projeto.inovamentehub.com.br\/addireta\/wp-content\/uploads\/2025\/01\/Licitacoes-e-contratos-para-iniciantes-addireta-licitacoes.jpg\" class=\"attachment-full size-full wp-image-2787\" alt=\"Entender as nuances entre licita\u00e7\u00f5es convencionais e a dispensa de licita\u00e7\u00e3o \u00e9 essencial para aproveitar as oportunidades que o governo oferece como comprador. Al\u00e9m de serem processos distintos, cada um possui benef\u00edcios espec\u00edficos que podem ser aproveitados por empresas de diferentes tamanhos e setores. Este artigo vai esclarecer as principais diferen\u00e7as, destacar vantagens pr\u00e1ticas e compartilhar casos de sucesso inspiradores.\" srcset=\"https:\/\/projeto.inovamentehub.com.br\/addireta\/wp-content\/uploads\/2025\/01\/Licitacoes-e-contratos-para-iniciantes-addireta-licitacoes.jpg 740w, https:\/\/projeto.inovamentehub.com.br\/addireta\/wp-content\/uploads\/2025\/01\/Licitacoes-e-contratos-para-iniciantes-addireta-licitacoes-300x200.jpg 300w\" sizes=\"(max-width: 740px) 100vw, 740px\" \/><\/div><\/a>\n\t\t\t\t<div class=\"elementor-post__badge\">Direito Administrativo<\/div>\n\t\t\t\t<div class=\"elementor-post__text\">\n\t\t\t\t<h3 class=\"elementor-post__title\">\n\t\t\t<a href=\"https:\/\/projeto.inovamentehub.com.br\/addireta\/diferencas-e-beneficios-entre-licitacoes-convencionais-e-dispensa-de-licitacao\/\" >\n\t\t\t\tDiferen\u00e7as e Benef\u00edcios Entre Licita\u00e7\u00f5es Convencionais e Dispensa de Licita\u00e7\u00e3o\t\t\t<\/a>\n\t\t<\/h3>\n\t\t\t\t<div class=\"elementor-post__excerpt\">\n\t\t\t<p>Entender as nuances entre licita\u00e7\u00f5es convencionais e a dispensa de licita\u00e7\u00e3o \u00e9 essencial para aproveitar as oportunidades que o governo oferece como comprador. Al\u00e9m de serem processos distintos, cada um possui benef\u00edcios espec\u00edficos que podem ser aproveitados por empresas de diferentes tamanhos e setores. Este artigo vai esclarecer as principais diferen\u00e7as, destacar vantagens pr\u00e1ticas e compartilhar casos de sucesso inspiradores.<\/p>\n\t\t<\/div>\n\t\t\t\t\t<div class=\"elementor-post__read-more-wrapper\">\n\t\t\n\t\t<a class=\"elementor-post__read-more\" href=\"https:\/\/projeto.inovamentehub.com.br\/addireta\/diferencas-e-beneficios-entre-licitacoes-convencionais-e-dispensa-de-licitacao\/\" aria-label=\"Read more about Diferen\u00e7as e Benef\u00edcios Entre Licita\u00e7\u00f5es Convencionais e Dispensa de Licita\u00e7\u00e3o\" >\n\t\t\tLeia Mais\t\t<\/a>\n\n\t\t\t\t\t<\/div>\n\t\t\t\t<\/div>\n\t\t\t\t\t<\/div>\n\t\t<\/article>\n\t\t\t\t<article class=\"elementor-post elementor-grid-item post-2463 post type-post status-publish format-standard has-post-thumbnail hentry category-direito-administrativo category-especialidades category-gestao-publica category-guias-praticos category-licitacoes tag-assessoria-especializada-em-vendas-para-o-governo tag-dispensa-de-licitacao tag-licitacoes-e-contratos\">\n\t\t\t<div class=\"elementor-post__card\">\n\t\t\t\t<a class=\"elementor-post__thumbnail__link\" href=\"https:\/\/projeto.inovamentehub.com.br\/addireta\/assessoria-especializada-em-vendas-para-o-governo\/\" ><div class=\"elementor-post__thumbnail\"><img decoding=\"async\" width=\"740\" height=\"492\" src=\"https:\/\/projeto.inovamentehub.com.br\/addireta\/wp-content\/uploads\/2025\/01\/Assessoria-em-licitacoes-e-contratos-addireta-licitacoes.jpg\" class=\"attachment-full size-full wp-image-2811\" alt=\"Para microempreendedores, pequenas e m\u00e9dias empresas (MPEs) que desejam entrar no mercado p\u00fablico, o papel de um analista de licita\u00e7\u00f5es \u00e9 essencial. No entanto, surge uma d\u00favida comum: qual \u00e9 a diferen\u00e7a entre consultoria e assessoria nesse contexto?\" srcset=\"https:\/\/projeto.inovamentehub.com.br\/addireta\/wp-content\/uploads\/2025\/01\/Assessoria-em-licitacoes-e-contratos-addireta-licitacoes.jpg 740w, https:\/\/projeto.inovamentehub.com.br\/addireta\/wp-content\/uploads\/2025\/01\/Assessoria-em-licitacoes-e-contratos-addireta-licitacoes-300x199.jpg 300w\" sizes=\"(max-width: 740px) 100vw, 740px\" \/><\/div><\/a>\n\t\t\t\t<div class=\"elementor-post__badge\">Direito Administrativo<\/div>\n\t\t\t\t<div class=\"elementor-post__text\">\n\t\t\t\t<h3 class=\"elementor-post__title\">\n\t\t\t<a href=\"https:\/\/projeto.inovamentehub.com.br\/addireta\/assessoria-especializada-em-vendas-para-o-governo\/\" >\n\t\t\t\tDiferen\u00e7as Entre Consultoria e Assessoria em Licita\u00e7\u00f5es: Como Escolher o Melhor Caminho?\t\t\t<\/a>\n\t\t<\/h3>\n\t\t\t\t<div class=\"elementor-post__excerpt\">\n\t\t\t<p>Para microempreendedores, pequenas e m\u00e9dias empresas (MPEs) que desejam entrar no mercado p\u00fablico, o papel de um analista de licita\u00e7\u00f5es \u00e9 essencial. No entanto, surge uma d\u00favida comum: qual \u00e9 a diferen\u00e7a entre consultoria e assessoria nesse contexto?<\/p>\n\t\t<\/div>\n\t\t\t\t\t<div class=\"elementor-post__read-more-wrapper\">\n\t\t\n\t\t<a class=\"elementor-post__read-more\" href=\"https:\/\/projeto.inovamentehub.com.br\/addireta\/assessoria-especializada-em-vendas-para-o-governo\/\" aria-label=\"Read more about Diferen\u00e7as Entre Consultoria e Assessoria em Licita\u00e7\u00f5es: Como Escolher o Melhor Caminho?\" >\n\t\t\tLeia Mais\t\t<\/a>\n\n\t\t\t\t\t<\/div>\n\t\t\t\t<\/div>\n\t\t\t\t\t<\/div>\n\t\t<\/article>\n\t\t\t\t<article class=\"elementor-post elementor-grid-item post-2461 post type-post status-publish format-standard has-post-thumbnail hentry category-direito-administrativo category-dispensa category-especialidades category-gestao-publica category-licitacoes tag-consultoria-especializada-em-vendas-para-o-governo tag-contratacao-direta tag-dispensa-de-licitacao tag-licitacoes-e-contratos\">\n\t\t\t<div class=\"elementor-post__card\">\n\t\t\t\t<a class=\"elementor-post__thumbnail__link\" href=\"https:\/\/projeto.inovamentehub.com.br\/addireta\/consultoria-especializada-em-vendas-para-o-governo\/\" ><div class=\"elementor-post__thumbnail\"><img loading=\"lazy\" decoding=\"async\" width=\"740\" height=\"494\" src=\"https:\/\/projeto.inovamentehub.com.br\/addireta\/wp-content\/uploads\/2025\/01\/Diferencas-entre-consultoria-e-Assessoria.jpg\" class=\"attachment-full size-full wp-image-2807\" alt=\"Quando se trata de navegar no mercado p\u00fablico e participar de licita\u00e7\u00f5es, muitos empres\u00e1rios se deparam com dois servi\u00e7os aparentemente semelhantes, mas com prop\u00f3sitos distintos: a consultoria e a assessoria. Entender as diferen\u00e7as entre essas abordagens \u00e9 crucial para escolher a solu\u00e7\u00e3o mais adequada \u00e0s suas necessidades e objetivos.\" srcset=\"https:\/\/projeto.inovamentehub.com.br\/addireta\/wp-content\/uploads\/2025\/01\/Diferencas-entre-consultoria-e-Assessoria.jpg 740w, https:\/\/projeto.inovamentehub.com.br\/addireta\/wp-content\/uploads\/2025\/01\/Diferencas-entre-consultoria-e-Assessoria-300x200.jpg 300w\" sizes=\"(max-width: 740px) 100vw, 740px\" \/><\/div><\/a>\n\t\t\t\t<div class=\"elementor-post__badge\">Direito Administrativo<\/div>\n\t\t\t\t<div class=\"elementor-post__text\">\n\t\t\t\t<h3 class=\"elementor-post__title\">\n\t\t\t<a href=\"https:\/\/projeto.inovamentehub.com.br\/addireta\/consultoria-especializada-em-vendas-para-o-governo\/\" >\n\t\t\t\tDiferen\u00e7as Entre Consultoria e Assessoria em Licita\u00e7\u00f5es e Como R\u00f4mulo Pelicier Pode Ajudar Sua Empresa\t\t\t<\/a>\n\t\t<\/h3>\n\t\t\t\t<div class=\"elementor-post__excerpt\">\n\t\t\t<p>Quando se trata de navegar no mercado p\u00fablico e participar de licita\u00e7\u00f5es, muitos empres\u00e1rios se deparam com dois servi\u00e7os aparentemente semelhantes, mas com prop\u00f3sitos distintos: a consultoria e a assessoria. Entender as diferen\u00e7as entre essas abordagens \u00e9 crucial para escolher a solu\u00e7\u00e3o mais adequada \u00e0s suas necessidades e objetivos. Neste artigo, vamos explorar as principais distin\u00e7\u00f5es e destacar como R\u00f4mulo Pelicier, fundador da Addireta Licita\u00e7\u00f5es, pode ajudar microempreendedores, pequenas e m\u00e9dias empresas (MPEs) a aumentar sua rentabilidade no mercado p\u00fablico.<\/p>\n\t\t<\/div>\n\t\t\t\t\t<div class=\"elementor-post__read-more-wrapper\">\n\t\t\n\t\t<a class=\"elementor-post__read-more\" href=\"https:\/\/projeto.inovamentehub.com.br\/addireta\/consultoria-especializada-em-vendas-para-o-governo\/\" aria-label=\"Read more about Diferen\u00e7as Entre Consultoria e Assessoria em Licita\u00e7\u00f5es e Como R\u00f4mulo Pelicier Pode Ajudar Sua Empresa\" >\n\t\t\tLeia Mais\t\t<\/a>\n\n\t\t\t\t\t<\/div>\n\t\t\t\t<\/div>\n\t\t\t\t\t<\/div>\n\t\t<\/article>\n\t\t\t\t<article class=\"elementor-post elementor-grid-item post-2456 post type-post status-publish format-standard has-post-thumbnail hentry category-direito-administrativo category-guias-praticos category-licitacoes tag-guia-do-iniciante-em-licitacoes tag-licitacoes-e-contratos tag-o-que-e-licitacao\">\n\t\t\t<div class=\"elementor-post__card\">\n\t\t\t\t<a class=\"elementor-post__thumbnail__link\" href=\"https:\/\/projeto.inovamentehub.com.br\/addireta\/guia-do-analista-iniciante-introducao-as-licitacoes-e-contratos\/\" ><div class=\"elementor-post__thumbnail\"><img loading=\"lazy\" decoding=\"async\" width=\"637\" height=\"449\" src=\"https:\/\/projeto.inovamentehub.com.br\/addireta\/wp-content\/uploads\/2025\/01\/O-que-e-licitacao-guia-completo-addireta-licitacoes.png\" class=\"attachment-full size-full wp-image-2788\" alt=\"Compreender os mecanismos e os processos de licita\u00e7\u00e3o \u00e9 essencial para garantir sucesso e evitar erros. Neste artigo, vamos abordar os conceitos b\u00e1sicos de licita\u00e7\u00f5es e contratos, explicar as diferen\u00e7as entre dispensa de licita\u00e7\u00e3o e licita\u00e7\u00e3o convencional, explorar os tipos de preg\u00f5es e esclarecer os tetos exigidos por lei no Brasil.\" srcset=\"https:\/\/projeto.inovamentehub.com.br\/addireta\/wp-content\/uploads\/2025\/01\/O-que-e-licitacao-guia-completo-addireta-licitacoes.png 637w, https:\/\/projeto.inovamentehub.com.br\/addireta\/wp-content\/uploads\/2025\/01\/O-que-e-licitacao-guia-completo-addireta-licitacoes-300x211.png 300w\" sizes=\"(max-width: 637px) 100vw, 637px\" \/><\/div><\/a>\n\t\t\t\t<div class=\"elementor-post__badge\">Direito Administrativo<\/div>\n\t\t\t\t<div class=\"elementor-post__text\">\n\t\t\t\t<h3 class=\"elementor-post__title\">\n\t\t\t<a href=\"https:\/\/projeto.inovamentehub.com.br\/addireta\/guia-do-analista-iniciante-introducao-as-licitacoes-e-contratos\/\" >\n\t\t\t\tGuia de Licita\u00e7\u00f5es e Contratos para Iniciantes no Mercado P\u00fablico\t\t\t<\/a>\n\t\t<\/h3>\n\t\t\t\t<div class=\"elementor-post__excerpt\">\n\t\t\t<p>Compreender os mecanismos e os processos de licita\u00e7\u00e3o \u00e9 essencial para garantir sucesso e evitar erros. Neste artigo, vamos abordar os conceitos b\u00e1sicos de licita\u00e7\u00f5es e contratos, explicar as diferen\u00e7as entre dispensa de licita\u00e7\u00e3o e licita\u00e7\u00e3o convencional, explorar os tipos de preg\u00f5es e esclarecer os tetos exigidos por lei no Brasil.<\/p>\n\t\t<\/div>\n\t\t\t\t\t<div class=\"elementor-post__read-more-wrapper\">\n\t\t\n\t\t<a class=\"elementor-post__read-more\" href=\"https:\/\/projeto.inovamentehub.com.br\/addireta\/guia-do-analista-iniciante-introducao-as-licitacoes-e-contratos\/\" aria-label=\"Read more about Guia de Licita\u00e7\u00f5es e Contratos para Iniciantes no Mercado P\u00fablico\" >\n\t\t\tLeia Mais\t\t<\/a>\n\n\t\t\t\t\t<\/div>\n\t\t\t\t<\/div>\n\t\t\t\t\t<\/div>\n\t\t<\/article>\n\t\t\t\t<article class=\"elementor-post elementor-grid-item post-2454 post type-post status-publish format-standard has-post-thumbnail hentry category-dispensa category-especialidades category-guias-praticos tag-contratacao-direta tag-dispensa-de-licitacao tag-licitacoes-e-contratos\">\n\t\t\t<div class=\"elementor-post__card\">\n\t\t\t\t<a class=\"elementor-post__thumbnail__link\" href=\"https:\/\/projeto.inovamentehub.com.br\/addireta\/guia-pratico-dispensa-de-licitacao\/\" ><div class=\"elementor-post__thumbnail\"><img loading=\"lazy\" decoding=\"async\" width=\"740\" height=\"494\" src=\"https:\/\/projeto.inovamentehub.com.br\/addireta\/wp-content\/uploads\/2025\/01\/Contrato-dispensa-de-licitacao.jpg\" class=\"attachment-full size-full wp-image-2785\" alt=\"Aprenda Vender Para o Governo Sem Licita\u00e7\u00e3o! O mercado p\u00fablico, com foco na dispensa de licita\u00e7\u00e3o, \u00e9 apresentado como uma oportunidade acess\u00edvel e promissora para pequenos neg\u00f3cios, garantindo contratos diretos, pagamentos previs\u00edveis e menos burocracia.\" srcset=\"https:\/\/projeto.inovamentehub.com.br\/addireta\/wp-content\/uploads\/2025\/01\/Contrato-dispensa-de-licitacao.jpg 740w, https:\/\/projeto.inovamentehub.com.br\/addireta\/wp-content\/uploads\/2025\/01\/Contrato-dispensa-de-licitacao-300x200.jpg 300w\" sizes=\"(max-width: 740px) 100vw, 740px\" \/><\/div><\/a>\n\t\t\t\t<div class=\"elementor-post__badge\">Dispensa de Licita\u00e7\u00e3o<\/div>\n\t\t\t\t<div class=\"elementor-post__text\">\n\t\t\t\t<h3 class=\"elementor-post__title\">\n\t\t\t<a href=\"https:\/\/projeto.inovamentehub.com.br\/addireta\/guia-pratico-dispensa-de-licitacao\/\" >\n\t\t\t\tGuia Pr\u00e1tico &#8211; Dispensa de Licita\u00e7\u00e3o\t\t\t<\/a>\n\t\t<\/h3>\n\t\t\t\t<div class=\"elementor-post__excerpt\">\n\t\t\t<p>Empresas enfrentam dificuldade para crescer, lidar com sazonalidade e conquistar estabilidade financeira. Com a dispensa de licita\u00e7\u00e3o, voc\u00ea negocia diretamente com o governo, agiliza o processo e garante pagamentos previs\u00edveis. Menos papelada, menos concorr\u00eancia e uma excelente oportunidade para pequenas empresas conquistarem estabilidade financeira!<\/p>\n\t\t<\/div>\n\t\t\t\t\t<div class=\"elementor-post__read-more-wrapper\">\n\t\t\n\t\t<a class=\"elementor-post__read-more\" href=\"https:\/\/projeto.inovamentehub.com.br\/addireta\/guia-pratico-dispensa-de-licitacao\/\" aria-label=\"Read more about Guia Pr\u00e1tico &#8211; Dispensa de Licita\u00e7\u00e3o\" >\n\t\t\tLeia Mais\t\t<\/a>\n\n\t\t\t\t\t<\/div>\n\t\t\t\t<\/div>\n\t\t\t\t\t<\/div>\n\t\t<\/article>\n\t\t\t\t<\/div>\n\t\t\n\t\t\t\t\t\t<\/div>\n\t\t\t\t<\/div>\n\t\t\t\t<div class=\"elementor-element elementor-element-1cc2383 elementor-align-center elementor-widget elementor-widget-button\" data-id=\"1cc2383\" data-element_type=\"widget\" data-e-type=\"widget\" data-widget_type=\"button.default\">\n\t\t\t\t<div class=\"elementor-widget-container\">\n\t\t\t\t\t\t\t\t\t<div class=\"elementor-button-wrapper\">\n\t\t\t\t\t<a class=\"elementor-button elementor-button-link elementor-size-sm\" href=\"https:\/\/projeto.inovamentehub.com.br\/addireta\/blog\/\">\n\t\t\t\t\t\t<span class=\"elementor-button-content-wrapper\">\n\t\t\t\t\t\t<span class=\"elementor-button-icon\">\n\t\t\t\t<i aria-hidden=\"true\" class=\"fas fa-long-arrow-alt-right\"><\/i>\t\t\t<\/span>\n\t\t\t\t\t\t\t\t\t<span class=\"elementor-button-text\">Ver todos os Posts<\/span>\n\t\t\t\t\t<\/span>\n\t\t\t\t\t<\/a>\n\t\t\t\t<\/div>\n\t\t\t\t\t\t\t\t<\/div>\n\t\t\t\t<\/div>\n\t\t\t\t<div class=\"elementor-element elementor-element-1bcb67d elementor-align-center elementor-widget elementor-widget-button\" data-id=\"1bcb67d\" data-element_type=\"widget\" data-e-type=\"widget\" data-widget_type=\"button.default\">\n\t\t\t\t<div class=\"elementor-widget-container\">\n\t\t\t\t\t\t\t\t\t<div class=\"elementor-button-wrapper\">\n\t\t\t\t\t<a class=\"elementor-button elementor-button-link elementor-size-sm elementor-animation-grow\" href=\"https:\/\/wa.me\/5582991062927\u200b\">\n\t\t\t\t\t\t<span class=\"elementor-button-content-wrapper\">\n\t\t\t\t\t\t<span class=\"elementor-button-icon\">\n\t\t\t\t<i aria-hidden=\"true\" class=\"fab fa-whatsapp\"><\/i>\t\t\t<\/span>\n\t\t\t\t\t\t\t\t\t<span class=\"elementor-button-text\">AGENDAR CONSULTA VIA WHATSAPP<\/span>\n\t\t\t\t\t<\/span>\n\t\t\t\t\t<\/a>\n\t\t\t\t<\/div>\n\t\t\t\t\t\t\t\t<\/div>\n\t\t\t\t<\/div>\n\t\t\t\t\t<\/div>\n\t\t\t\t<\/div>\n\t\t\t\t<\/div>\n\t\t","protected":false},"excerpt":{"rendered":"<p>Minhas Especialidades em Neurologia Alcance seus objetivos de forma saud\u00e1vel e sustent\u00e1vel Ver todos os Posts AGENDAR CONSULTA VIA WHATSAPP<\/p>\n","protected":false},"author":1,"featured_media":0,"parent":0,"menu_order":0,"comment_status":"closed","ping_status":"closed","template":"elementor_header_footer","meta":{"_uag_custom_page_level_css":"","_themeisle_gutenberg_block_has_review":false,"footnotes":""},"class_list":["post-1640","page","type-page","status-publish","hentry"],"aioseo_notices":[],"uagb_featured_image_src":{"full":false,"thumbnail":false,"medium":false,"medium_large":false,"large":false,"1536x1536":false,"2048x2048":false},"uagb_author_info":{"display_name":"INVT- Projeto Addireta","author_link":"https:\/\/projeto.inovamentehub.com.br\/addireta\/author\/inovamentehubgmail-com\/"},"uagb_comment_info":0,"uagb_excerpt":"Minhas Especialidades em Neurologia Alcance seus objetivos de forma saud\u00e1vel e sustent\u00e1vel Ver todos os Posts AGENDAR CONSULTA VIA WHATSAPP","_links":{"self":[{"href":"https:\/\/projeto.inovamentehub.com.br\/addireta\/wp-json\/wp\/v2\/pages\/1640","targetHints":{"allow":["GET"]}}],"collection":[{"href":"https:\/\/projeto.inovamentehub.com.br\/addireta\/wp-json\/wp\/v2\/pages"}],"about":[{"href":"https:\/\/projeto.inovamentehub.com.br\/addireta\/wp-json\/wp\/v2\/types\/page"}],"author":[{"embeddable":true,"href":"https:\/\/projeto.inovamentehub.com.br\/addireta\/wp-json\/wp\/v2\/users\/1"}],"replies":[{"embeddable":true,"href":"https:\/\/projeto.inovamentehub.com.br\/addireta\/wp-json\/wp\/v2\/comments?post=1640"}],"version-history":[{"count":16,"href":"https:\/\/projeto.inovamentehub.com.br\/addireta\/wp-json\/wp\/v2\/pages\/1640\/revisions"}],"predecessor-version":[{"id":1670,"href":"https:\/\/projeto.inovamentehub.com.br\/addireta\/wp-json\/wp\/v2\/pages\/1640\/revisions\/1670"}],"wp:attachment":[{"href":"https:\/\/projeto.inovamentehub.com.br\/addireta\/wp-json\/wp\/v2\/media?parent=1640"}],"curies":[{"name":"wp","href":"https:\/\/api.w.org\/{rel}","templated":true}]}}