{"id":1640,"date":"2025-01-08T23:30:16","date_gmt":"2025-01-08T23:30:16","guid":{"rendered":"https:\/\/projeto.inovamentehub.com.br\/neurovivamais\/?page_id=1640"},"modified":"2025-01-08T23:51:11","modified_gmt":"2025-01-08T23:51:11","slug":"especialidades","status":"publish","type":"page","link":"https:\/\/projeto.inovamentehub.com.br\/neurovivamais\/especialidades\/","title":{"rendered":"Especialidades"},"content":{"rendered":"\t\t<div data-elementor-type=\"wp-page\" data-elementor-id=\"1640\" class=\"elementor elementor-1640\">\n\t\t\t\t<div class=\"elementor-element elementor-element-24c1dc3 e-flex e-con-boxed e-con e-parent\" data-id=\"24c1dc3\" data-element_type=\"container\" data-e-type=\"container\" data-settings=\"{&quot;background_background&quot;:&quot;classic&quot;}\">\n\t\t\t\t\t<div class=\"e-con-inner\">\n\t\t\t\t<div class=\"elementor-element elementor-element-b4b68e0 elementor-widget elementor-widget-heading\" data-id=\"b4b68e0\" data-element_type=\"widget\" data-e-type=\"widget\" data-widget_type=\"heading.default\">\n\t\t\t\t<div class=\"elementor-widget-container\">\n\t\t\t\t\t<h2 class=\"elementor-heading-title elementor-size-default\">Minhas Especialidades em Neurologia<\/h2>\t\t\t\t<\/div>\n\t\t\t\t<\/div>\n\t\t\t\t<div class=\"elementor-element elementor-element-8f67ced elementor-align-center elementor-icon-list--layout-traditional elementor-list-item-link-full_width elementor-widget elementor-widget-icon-list\" data-id=\"8f67ced\" data-element_type=\"widget\" data-e-type=\"widget\" data-widget_type=\"icon-list.default\">\n\t\t\t\t<div class=\"elementor-widget-container\">\n\t\t\t\t\t\t\t<ul class=\"elementor-icon-list-items\">\n\t\t\t\t\t\t\t<li class=\"elementor-icon-list-item\">\n\t\t\t\t\t\t\t\t\t\t\t<span class=\"elementor-icon-list-icon\">\n\t\t\t\t\t\t\t<i aria-hidden=\"true\" class=\"far fa-star-half\"><\/i>\t\t\t\t\t\t<\/span>\n\t\t\t\t\t\t\t\t\t\t<span class=\"elementor-icon-list-text\">Alcance seus objetivos de forma saud\u00e1vel e sustent\u00e1vel<\/span>\n\t\t\t\t\t\t\t\t\t<\/li>\n\t\t\t\t\t\t<\/ul>\n\t\t\t\t\t\t<\/div>\n\t\t\t\t<\/div>\n\t\t\t\t\t<\/div>\n\t\t\t\t<\/div>\n\t\t<div class=\"elementor-element elementor-element-528e7d3 e-flex e-con-boxed e-con e-parent\" data-id=\"528e7d3\" data-element_type=\"container\" data-e-type=\"container\" data-settings=\"{&quot;background_background&quot;:&quot;classic&quot;}\">\n\t\t\t\t\t<div class=\"e-con-inner\">\n\t\t\t\t<div class=\"elementor-element elementor-element-8c334d6 elementor-grid-3 elementor-grid-tablet-2 elementor-grid-mobile-1 elementor-posts--thumbnail-top elementor-card-shadow-yes elementor-posts__hover-gradient elementor-widget elementor-widget-posts\" data-id=\"8c334d6\" data-element_type=\"widget\" data-e-type=\"widget\" data-settings=\"{&quot;cards_row_gap&quot;:{&quot;unit&quot;:&quot;px&quot;,&quot;size&quot;:22,&quot;sizes&quot;:[]},&quot;cards_columns&quot;:&quot;3&quot;,&quot;cards_columns_tablet&quot;:&quot;2&quot;,&quot;cards_columns_mobile&quot;:&quot;1&quot;,&quot;cards_row_gap_tablet&quot;:{&quot;unit&quot;:&quot;px&quot;,&quot;size&quot;:&quot;&quot;,&quot;sizes&quot;:[]},&quot;cards_row_gap_mobile&quot;:{&quot;unit&quot;:&quot;px&quot;,&quot;size&quot;:&quot;&quot;,&quot;sizes&quot;:[]}}\" data-widget_type=\"posts.cards\">\n\t\t\t\t<div class=\"elementor-widget-container\">\n\t\t\t\t\t\t\t<div class=\"elementor-posts-container elementor-posts elementor-posts--skin-cards elementor-grid\">\n\t\t\t\t<article class=\"elementor-post elementor-grid-item post-2135 post type-post status-publish format-standard has-post-thumbnail hentry category-especialidade category-neurovivamais category-simposio-de-parkinson\">\n\t\t\t<div class=\"elementor-post__card\">\n\t\t\t\t<a class=\"elementor-post__thumbnail__link\" href=\"https:\/\/projeto.inovamentehub.com.br\/neurovivamais\/profissional-de-saude-descubra-como-melhorar-sua-performance-profissional-e-transformar-a-vida-dos-seus-pacientes\/\" ><div class=\"elementor-post__thumbnail\"><img fetchpriority=\"high\" decoding=\"async\" width=\"1920\" height=\"1080\" src=\"https:\/\/projeto.inovamentehub.com.br\/neurovivamais\/wp-content\/uploads\/2025\/01\/Pagina-de-captura-simposio-neuroviva-mais-9.png\" class=\"attachment-full size-full wp-image-2145\" alt=\"Foto de capa da campanha de anuncio da mentoria neuro viva mais da dra. cicera pontes\" srcset=\"https:\/\/projeto.inovamentehub.com.br\/neurovivamais\/wp-content\/uploads\/2025\/01\/Pagina-de-captura-simposio-neuroviva-mais-9.png 1920w, https:\/\/projeto.inovamentehub.com.br\/neurovivamais\/wp-content\/uploads\/2025\/01\/Pagina-de-captura-simposio-neuroviva-mais-9-300x169.png 300w, https:\/\/projeto.inovamentehub.com.br\/neurovivamais\/wp-content\/uploads\/2025\/01\/Pagina-de-captura-simposio-neuroviva-mais-9-1024x576.png 1024w, https:\/\/projeto.inovamentehub.com.br\/neurovivamais\/wp-content\/uploads\/2025\/01\/Pagina-de-captura-simposio-neuroviva-mais-9-768x432.png 768w, https:\/\/projeto.inovamentehub.com.br\/neurovivamais\/wp-content\/uploads\/2025\/01\/Pagina-de-captura-simposio-neuroviva-mais-9-1536x864.png 1536w\" sizes=\"(max-width: 1920px) 100vw, 1920px\" \/><\/div><\/a>\n\t\t\t\t<div class=\"elementor-post__badge\">Especialidade<\/div>\n\t\t\t\t<div class=\"elementor-post__text\">\n\t\t\t\t<h3 class=\"elementor-post__title\">\n\t\t\t<a href=\"https:\/\/projeto.inovamentehub.com.br\/neurovivamais\/profissional-de-saude-descubra-como-melhorar-sua-performance-profissional-e-transformar-a-vida-dos-seus-pacientes\/\" >\n\t\t\t\tProfissional de Sa\u00fade: Descubra Como Melhorar Sua Performance Profissional e Transformar a Vida dos Seus Pacientes\t\t\t<\/a>\n\t\t<\/h3>\n\t\t\t\t<div class=\"elementor-post__excerpt\">\n\t\t\t<p>A mentoria Neuro Viva+, desenvolvida pela Dra. C\u00edcera Pontes, ajuda voc\u00ea, profissional de sa\u00fade, a restaurar sua clareza mental, aprimorar sua performance no trabalho e criar planos terap\u00eauticos personalizados que realmente impactam seus pacientes. Tudo isso com mais equil\u00edbrio e sem sobrecarregar sua rotina.<\/p>\n\t\t<\/div>\n\t\t\t\t\t<div class=\"elementor-post__read-more-wrapper\">\n\t\t\n\t\t<a class=\"elementor-post__read-more\" href=\"https:\/\/projeto.inovamentehub.com.br\/neurovivamais\/profissional-de-saude-descubra-como-melhorar-sua-performance-profissional-e-transformar-a-vida-dos-seus-pacientes\/\" aria-label=\"Read more about Profissional de Sa\u00fade: Descubra Como Melhorar Sua Performance Profissional e Transformar a Vida dos Seus Pacientes\" >\n\t\t\tLeia Mais\t\t<\/a>\n\n\t\t\t\t\t<\/div>\n\t\t\t\t<\/div>\n\t\t\t\t\t<\/div>\n\t\t<\/article>\n\t\t\t\t<article class=\"elementor-post elementor-grid-item post-2041 post type-post status-publish format-standard has-post-thumbnail hentry category-especialidade tag-enmg\">\n\t\t\t<div class=\"elementor-post__card\">\n\t\t\t\t<a class=\"elementor-post__thumbnail__link\" href=\"https:\/\/projeto.inovamentehub.com.br\/neurovivamais\/exame-de-eletroneuromiografia-enmg\/\" ><div class=\"elementor-post__thumbnail\"><img decoding=\"async\" width=\"740\" height=\"493\" src=\"https:\/\/projeto.inovamentehub.com.br\/neurovivamais\/wp-content\/uploads\/2025\/01\/close-up-do-paciente-recebendo-agulhamento-eletro-seco_107420-65796.jpg\" class=\"attachment-full size-full wp-image-1993\" alt=\"Post para explicar o exame de eletroneuromiografia da dra. cicera pontes\" srcset=\"https:\/\/projeto.inovamentehub.com.br\/neurovivamais\/wp-content\/uploads\/2025\/01\/close-up-do-paciente-recebendo-agulhamento-eletro-seco_107420-65796.jpg 740w, https:\/\/projeto.inovamentehub.com.br\/neurovivamais\/wp-content\/uploads\/2025\/01\/close-up-do-paciente-recebendo-agulhamento-eletro-seco_107420-65796-300x200.jpg 300w\" sizes=\"(max-width: 740px) 100vw, 740px\" \/><\/div><\/a>\n\t\t\t\t<div class=\"elementor-post__badge\">Especialidade<\/div>\n\t\t\t\t<div class=\"elementor-post__text\">\n\t\t\t\t<h3 class=\"elementor-post__title\">\n\t\t\t<a href=\"https:\/\/projeto.inovamentehub.com.br\/neurovivamais\/exame-de-eletroneuromiografia-enmg\/\" >\n\t\t\t\tExame de Eletroneuromiografia (ENMG)\t\t\t<\/a>\n\t\t<\/h3>\n\t\t\t\t<div class=\"elementor-post__excerpt\">\n\t\t\t<p>A Eletroneuromiografia (ENMG) \u00e9 uma avalia\u00e7\u00e3o neurofisiol\u00f3gica destinada a analisar o funcionamento do sistema nervoso perif\u00e9rico, a jun\u00e7\u00e3o neuromuscular e os m\u00fasculos. Por meio deste<\/p>\n\t\t<\/div>\n\t\t\t\t\t<div class=\"elementor-post__read-more-wrapper\">\n\t\t\n\t\t<a class=\"elementor-post__read-more\" href=\"https:\/\/projeto.inovamentehub.com.br\/neurovivamais\/exame-de-eletroneuromiografia-enmg\/\" aria-label=\"Read more about Exame de Eletroneuromiografia (ENMG)\" >\n\t\t\tLeia Mais\t\t<\/a>\n\n\t\t\t\t\t<\/div>\n\t\t\t\t<\/div>\n\t\t\t\t\t<\/div>\n\t\t<\/article>\n\t\t\t\t<article class=\"elementor-post elementor-grid-item post-2024 post type-post status-publish format-standard has-post-thumbnail hentry category-especialidade category-neurovivamais tag-palestra-workshop\">\n\t\t\t<div class=\"elementor-post__card\">\n\t\t\t\t<a class=\"elementor-post__thumbnail__link\" href=\"https:\/\/projeto.inovamentehub.com.br\/neurovivamais\/o-poder-das-palestras-de-conscientizacao-transformando-vidas-com-informacao-e-inspiracao\/\" ><div class=\"elementor-post__thumbnail\"><img decoding=\"async\" width=\"1920\" height=\"1080\" src=\"https:\/\/projeto.inovamentehub.com.br\/neurovivamais\/wp-content\/uploads\/2025\/01\/Pagina-de-captura-simposio-neuroviva-mais-6.png\" class=\"attachment-full size-full wp-image-2062\" alt=\"Capa para post sobre simposio neuroviva mais\" srcset=\"https:\/\/projeto.inovamentehub.com.br\/neurovivamais\/wp-content\/uploads\/2025\/01\/Pagina-de-captura-simposio-neuroviva-mais-6.png 1920w, https:\/\/projeto.inovamentehub.com.br\/neurovivamais\/wp-content\/uploads\/2025\/01\/Pagina-de-captura-simposio-neuroviva-mais-6-300x169.png 300w, https:\/\/projeto.inovamentehub.com.br\/neurovivamais\/wp-content\/uploads\/2025\/01\/Pagina-de-captura-simposio-neuroviva-mais-6-1024x576.png 1024w, https:\/\/projeto.inovamentehub.com.br\/neurovivamais\/wp-content\/uploads\/2025\/01\/Pagina-de-captura-simposio-neuroviva-mais-6-768x432.png 768w, https:\/\/projeto.inovamentehub.com.br\/neurovivamais\/wp-content\/uploads\/2025\/01\/Pagina-de-captura-simposio-neuroviva-mais-6-1536x864.png 1536w\" sizes=\"(max-width: 1920px) 100vw, 1920px\" \/><\/div><\/a>\n\t\t\t\t<div class=\"elementor-post__badge\">Especialidade<\/div>\n\t\t\t\t<div class=\"elementor-post__text\">\n\t\t\t\t<h3 class=\"elementor-post__title\">\n\t\t\t<a href=\"https:\/\/projeto.inovamentehub.com.br\/neurovivamais\/o-poder-das-palestras-de-conscientizacao-transformando-vidas-com-informacao-e-inspiracao\/\" >\n\t\t\t\tO Poder das Palestras de Conscientiza\u00e7\u00e3o: Transformando Vidas com Informa\u00e7\u00e3o e Inspira\u00e7\u00e3o!\t\t\t<\/a>\n\t\t<\/h3>\n\t\t\t\t<div class=\"elementor-post__excerpt\">\n\t\t\t<p>Com uma abordagem din\u00e2mica e acess\u00edvel, a Dra. C\u00edcera transforma conceitos complexos em conte\u00fados claros e envolventes. Suas palestras s\u00e3o baseadas em evid\u00eancias cient\u00edficas, mas tamb\u00e9m carregam um tom humanizado, emp\u00e1tico e inspirador.<\/p>\n\t\t<\/div>\n\t\t\t\t\t<div class=\"elementor-post__read-more-wrapper\">\n\t\t\n\t\t<a class=\"elementor-post__read-more\" href=\"https:\/\/projeto.inovamentehub.com.br\/neurovivamais\/o-poder-das-palestras-de-conscientizacao-transformando-vidas-com-informacao-e-inspiracao\/\" aria-label=\"Read more about O Poder das Palestras de Conscientiza\u00e7\u00e3o: Transformando Vidas com Informa\u00e7\u00e3o e Inspira\u00e7\u00e3o!\" >\n\t\t\tLeia Mais\t\t<\/a>\n\n\t\t\t\t\t<\/div>\n\t\t\t\t<\/div>\n\t\t\t\t\t<\/div>\n\t\t<\/article>\n\t\t\t\t<article class=\"elementor-post elementor-grid-item post-1708 post type-post status-publish format-standard has-post-thumbnail hentry category-especialidade\">\n\t\t\t<div class=\"elementor-post__card\">\n\t\t\t\t<a class=\"elementor-post__thumbnail__link\" href=\"https:\/\/projeto.inovamentehub.com.br\/neurovivamais\/crontrate-palestras-e-workshops\/\" ><div class=\"elementor-post__thumbnail\"><img loading=\"lazy\" decoding=\"async\" width=\"1920\" height=\"1080\" src=\"https:\/\/projeto.inovamentehub.com.br\/neurovivamais\/wp-content\/uploads\/2025\/01\/Pagina-de-captura-simposio-neuroviva-mais-7.png\" class=\"attachment-full size-full wp-image-2057\" alt=\"Dra. C\u00edcera Pontes Palestrando em semin\u00e1rio no minist\u00e9rio p\u00fablico de alagoas\" srcset=\"https:\/\/projeto.inovamentehub.com.br\/neurovivamais\/wp-content\/uploads\/2025\/01\/Pagina-de-captura-simposio-neuroviva-mais-7.png 1920w, https:\/\/projeto.inovamentehub.com.br\/neurovivamais\/wp-content\/uploads\/2025\/01\/Pagina-de-captura-simposio-neuroviva-mais-7-300x169.png 300w, https:\/\/projeto.inovamentehub.com.br\/neurovivamais\/wp-content\/uploads\/2025\/01\/Pagina-de-captura-simposio-neuroviva-mais-7-1024x576.png 1024w, https:\/\/projeto.inovamentehub.com.br\/neurovivamais\/wp-content\/uploads\/2025\/01\/Pagina-de-captura-simposio-neuroviva-mais-7-768x432.png 768w, https:\/\/projeto.inovamentehub.com.br\/neurovivamais\/wp-content\/uploads\/2025\/01\/Pagina-de-captura-simposio-neuroviva-mais-7-1536x864.png 1536w\" sizes=\"(max-width: 1920px) 100vw, 1920px\" \/><\/div><\/a>\n\t\t\t\t<div class=\"elementor-post__badge\">Especialidade<\/div>\n\t\t\t\t<div class=\"elementor-post__text\">\n\t\t\t\t<h3 class=\"elementor-post__title\">\n\t\t\t<a href=\"https:\/\/projeto.inovamentehub.com.br\/neurovivamais\/crontrate-palestras-e-workshops\/\" >\n\t\t\t\tSimp\u00f3sio Neuro Viva + Parkinson Sem Segredo\t\t\t<\/a>\n\t\t<\/h3>\n\t\t\t\t<div class=\"elementor-post__excerpt\">\n\t\t\t<p>Junte-se \u00e0 Dra. C\u00edcera Pontes Fon em um webinar exclusivo de 2 horas, onde ela compartilhar\u00e1 estrat\u00e9gias pr\u00e1ticas para melhorar a autoperformance de pacientes de Parkinson e seus cuidadores. Este evento \u00e9 ideal para cuidadores, m\u00e9dicos de disciplinas complementares e pacientes que enfrentam desafios como bloqueios de produtividade, procrastina\u00e7\u00e3o, autoexig\u00eancia excessiva, metas inalcan\u00e7\u00e1veis e falta de energia.<\/p>\n\t\t<\/div>\n\t\t\t\t\t<div class=\"elementor-post__read-more-wrapper\">\n\t\t\n\t\t<a class=\"elementor-post__read-more\" href=\"https:\/\/projeto.inovamentehub.com.br\/neurovivamais\/crontrate-palestras-e-workshops\/\" aria-label=\"Read more about Simp\u00f3sio Neuro Viva + Parkinson Sem Segredo\" >\n\t\t\tLeia Mais\t\t<\/a>\n\n\t\t\t\t\t<\/div>\n\t\t\t\t<\/div>\n\t\t\t\t\t<\/div>\n\t\t<\/article>\n\t\t\t\t<article class=\"elementor-post elementor-grid-item post-1704 post type-post status-publish format-standard has-post-thumbnail hentry category-especialidade tag-alzheimer\">\n\t\t\t<div class=\"elementor-post__card\">\n\t\t\t\t<a class=\"elementor-post__thumbnail__link\" href=\"https:\/\/projeto.inovamentehub.com.br\/neurovivamais\/tratamento-de-alzheimer\/\" ><div class=\"elementor-post__thumbnail\"><img loading=\"lazy\" decoding=\"async\" width=\"740\" height=\"494\" src=\"https:\/\/projeto.inovamentehub.com.br\/neurovivamais\/wp-content\/uploads\/2025\/01\/mulher-idosa-enfrentando-doenca-de-alzheimer.jpg\" class=\"attachment-full size-full wp-image-2021\" alt=\"Capa do Post para tratamento de alzheimer - consulta neurol\u00f3gica\" srcset=\"https:\/\/projeto.inovamentehub.com.br\/neurovivamais\/wp-content\/uploads\/2025\/01\/mulher-idosa-enfrentando-doenca-de-alzheimer.jpg 740w, https:\/\/projeto.inovamentehub.com.br\/neurovivamais\/wp-content\/uploads\/2025\/01\/mulher-idosa-enfrentando-doenca-de-alzheimer-300x200.jpg 300w\" sizes=\"(max-width: 740px) 100vw, 740px\" \/><\/div><\/a>\n\t\t\t\t<div class=\"elementor-post__badge\">Especialidade<\/div>\n\t\t\t\t<div class=\"elementor-post__text\">\n\t\t\t\t<h3 class=\"elementor-post__title\">\n\t\t\t<a href=\"https:\/\/projeto.inovamentehub.com.br\/neurovivamais\/tratamento-de-alzheimer\/\" >\n\t\t\t\tTratamento de Alzheimer\t\t\t<\/a>\n\t\t<\/h3>\n\t\t\t\t<div class=\"elementor-post__excerpt\">\n\t\t\t<p>O Alzheimer \u00e9 uma condi\u00e7\u00e3o que afeta milh\u00f5es de pessoas ao redor do mundo, sendo a causa mais comum de dem\u00eancia em idosos. Mais do<\/p>\n\t\t<\/div>\n\t\t\t\t\t<div class=\"elementor-post__read-more-wrapper\">\n\t\t\n\t\t<a class=\"elementor-post__read-more\" href=\"https:\/\/projeto.inovamentehub.com.br\/neurovivamais\/tratamento-de-alzheimer\/\" aria-label=\"Read more about Tratamento de Alzheimer\" >\n\t\t\tLeia Mais\t\t<\/a>\n\n\t\t\t\t\t<\/div>\n\t\t\t\t<\/div>\n\t\t\t\t\t<\/div>\n\t\t<\/article>\n\t\t\t\t<article class=\"elementor-post elementor-grid-item post-1702 post type-post status-publish format-standard has-post-thumbnail hentry category-especialidade\">\n\t\t\t<div class=\"elementor-post__card\">\n\t\t\t\t<a class=\"elementor-post__thumbnail__link\" href=\"https:\/\/projeto.inovamentehub.com.br\/neurovivamais\/tratamento-de-parkinson\/\" ><div class=\"elementor-post__thumbnail\"><img loading=\"lazy\" decoding=\"async\" width=\"826\" height=\"465\" src=\"https:\/\/projeto.inovamentehub.com.br\/neurovivamais\/wp-content\/uploads\/2025\/01\/Casal-vivendo-bem-mesmo-tratando-parkinson.jpg\" class=\"attachment-full size-full wp-image-2014\" alt=\"Foto de capa para post sobre tratamento de parkinson como tratar\" srcset=\"https:\/\/projeto.inovamentehub.com.br\/neurovivamais\/wp-content\/uploads\/2025\/01\/Casal-vivendo-bem-mesmo-tratando-parkinson.jpg 826w, https:\/\/projeto.inovamentehub.com.br\/neurovivamais\/wp-content\/uploads\/2025\/01\/Casal-vivendo-bem-mesmo-tratando-parkinson-300x169.jpg 300w, https:\/\/projeto.inovamentehub.com.br\/neurovivamais\/wp-content\/uploads\/2025\/01\/Casal-vivendo-bem-mesmo-tratando-parkinson-768x432.jpg 768w\" sizes=\"(max-width: 826px) 100vw, 826px\" \/><\/div><\/a>\n\t\t\t\t<div class=\"elementor-post__badge\">Especialidade<\/div>\n\t\t\t\t<div class=\"elementor-post__text\">\n\t\t\t\t<h3 class=\"elementor-post__title\">\n\t\t\t<a href=\"https:\/\/projeto.inovamentehub.com.br\/neurovivamais\/tratamento-de-parkinson\/\" >\n\t\t\t\tDoen\u00e7a de Parkinson: Entenda, Reconhe\u00e7a e Trate\t\t\t<\/a>\n\t\t<\/h3>\n\t\t\t\t<div class=\"elementor-post__excerpt\">\n\t\t\t<p>A Doen\u00e7a de Parkinson, inicialmente descrita pelo m\u00e9dico ingl\u00eas James Parkinson em 1817, representa um marco na neurologia. Em sua monografia &#8220;An Essay on the<\/p>\n\t\t<\/div>\n\t\t\t\t\t<div class=\"elementor-post__read-more-wrapper\">\n\t\t\n\t\t<a class=\"elementor-post__read-more\" href=\"https:\/\/projeto.inovamentehub.com.br\/neurovivamais\/tratamento-de-parkinson\/\" aria-label=\"Read more about Doen\u00e7a de Parkinson: Entenda, Reconhe\u00e7a e Trate\" >\n\t\t\tLeia Mais\t\t<\/a>\n\n\t\t\t\t\t<\/div>\n\t\t\t\t<\/div>\n\t\t\t\t\t<\/div>\n\t\t<\/article>\n\t\t\t\t<\/div>\n\t\t\n\t\t\t\t\t\t<\/div>\n\t\t\t\t<\/div>\n\t\t\t\t<div class=\"elementor-element elementor-element-1cc2383 elementor-align-center elementor-widget elementor-widget-button\" data-id=\"1cc2383\" data-element_type=\"widget\" data-e-type=\"widget\" data-widget_type=\"button.default\">\n\t\t\t\t<div class=\"elementor-widget-container\">\n\t\t\t\t\t\t\t\t\t<div class=\"elementor-button-wrapper\">\n\t\t\t\t\t<a class=\"elementor-button elementor-button-link elementor-size-sm\" href=\"https:\/\/projeto.inovamentehub.com.br\/neurovivamais\/blog\/\">\n\t\t\t\t\t\t<span class=\"elementor-button-content-wrapper\">\n\t\t\t\t\t\t<span class=\"elementor-button-icon\">\n\t\t\t\t<i aria-hidden=\"true\" class=\"fas fa-long-arrow-alt-right\"><\/i>\t\t\t<\/span>\n\t\t\t\t\t\t\t\t\t<span class=\"elementor-button-text\">Ver todos os Posts<\/span>\n\t\t\t\t\t<\/span>\n\t\t\t\t\t<\/a>\n\t\t\t\t<\/div>\n\t\t\t\t\t\t\t\t<\/div>\n\t\t\t\t<\/div>\n\t\t\t\t<div class=\"elementor-element elementor-element-1bcb67d elementor-align-center elementor-widget elementor-widget-button\" data-id=\"1bcb67d\" data-element_type=\"widget\" data-e-type=\"widget\" data-widget_type=\"button.default\">\n\t\t\t\t<div class=\"elementor-widget-container\">\n\t\t\t\t\t\t\t\t\t<div class=\"elementor-button-wrapper\">\n\t\t\t\t\t<a class=\"elementor-button elementor-button-link elementor-size-sm elementor-animation-grow\" href=\"https:\/\/wa.me\/5582991062927\u200b\">\n\t\t\t\t\t\t<span class=\"elementor-button-content-wrapper\">\n\t\t\t\t\t\t<span class=\"elementor-button-icon\">\n\t\t\t\t<i aria-hidden=\"true\" class=\"fab fa-whatsapp\"><\/i>\t\t\t<\/span>\n\t\t\t\t\t\t\t\t\t<span class=\"elementor-button-text\">AGENDAR CONSULTA VIA WHATSAPP<\/span>\n\t\t\t\t\t<\/span>\n\t\t\t\t\t<\/a>\n\t\t\t\t<\/div>\n\t\t\t\t\t\t\t\t<\/div>\n\t\t\t\t<\/div>\n\t\t\t\t\t<\/div>\n\t\t\t\t<\/div>\n\t\t\t\t<\/div>\n\t\t","protected":false},"excerpt":{"rendered":"<p>Minhas Especialidades em Neurologia Alcance seus objetivos de forma saud\u00e1vel e sustent\u00e1vel Ver todos os Posts AGENDAR CONSULTA VIA WHATSAPP<\/p>\n","protected":false},"author":1,"featured_media":0,"parent":0,"menu_order":0,"comment_status":"closed","ping_status":"closed","template":"elementor_header_footer","meta":{"_uag_custom_page_level_css":"","footnotes":""},"class_list":["post-1640","page","type-page","status-publish","hentry"],"aioseo_notices":[],"uagb_featured_image_src":{"full":false,"thumbnail":false,"medium":false,"medium_large":false,"large":false,"1536x1536":false,"2048x2048":false},"uagb_author_info":{"display_name":"INVT - Projeto Neuro Viva Mais","author_link":"https:\/\/projeto.inovamentehub.com.br\/neurovivamais\/author\/invt-projeto-neuroviva-mais\/"},"uagb_comment_info":0,"uagb_excerpt":"Minhas Especialidades em Neurologia Alcance seus objetivos de forma saud\u00e1vel e sustent\u00e1vel Ver todos os Posts AGENDAR CONSULTA VIA WHATSAPP","_links":{"self":[{"href":"https:\/\/projeto.inovamentehub.com.br\/neurovivamais\/wp-json\/wp\/v2\/pages\/1640","targetHints":{"allow":["GET"]}}],"collection":[{"href":"https:\/\/projeto.inovamentehub.com.br\/neurovivamais\/wp-json\/wp\/v2\/pages"}],"about":[{"href":"https:\/\/projeto.inovamentehub.com.br\/neurovivamais\/wp-json\/wp\/v2\/types\/page"}],"author":[{"embeddable":true,"href":"https:\/\/projeto.inovamentehub.com.br\/neurovivamais\/wp-json\/wp\/v2\/users\/1"}],"replies":[{"embeddable":true,"href":"https:\/\/projeto.inovamentehub.com.br\/neurovivamais\/wp-json\/wp\/v2\/comments?post=1640"}],"version-history":[{"count":16,"href":"https:\/\/projeto.inovamentehub.com.br\/neurovivamais\/wp-json\/wp\/v2\/pages\/1640\/revisions"}],"predecessor-version":[{"id":1670,"href":"https:\/\/projeto.inovamentehub.com.br\/neurovivamais\/wp-json\/wp\/v2\/pages\/1640\/revisions\/1670"}],"wp:attachment":[{"href":"https:\/\/projeto.inovamentehub.com.br\/neurovivamais\/wp-json\/wp\/v2\/media?parent=1640"}],"curies":[{"name":"wp","href":"https:\/\/api.w.org\/{rel}","templated":true}]}}